{"id":432,"date":"2023-07-23T16:38:58","date_gmt":"2023-07-23T14:38:58","guid":{"rendered":"https:\/\/trabajodemasajistaerotica.com\/privacy-statement-eu\/"},"modified":"2025-11-17T11:29:47","modified_gmt":"2025-11-17T09:29:47","slug":"privacy-statement-eu","status":"publish","type":"page","link":"https:\/\/trabajodemasajistaerotica.com\/en\/privacy-statement-eu\/","title":{"rendered":"Privacy Statement (EU)"},"content":{"rendered":"\t\t<div data-elementor-type=\"wp-page\" data-elementor-id=\"432\" class=\"elementor elementor-432 elementor-292\" data-elementor-post-type=\"page\">\n\t\t\t\t\t\t<section class=\"elementor-section elementor-top-section elementor-element elementor-element-7db5269 elementor-section-boxed elementor-section-height-default elementor-section-height-default\" data-id=\"7db5269\" data-element_type=\"section\">\n\t\t\t\t\t\t<div class=\"elementor-container elementor-column-gap-default\">\n\t\t\t\t\t<div class=\"elementor-column elementor-col-100 elementor-top-column elementor-element elementor-element-ed75b44\" data-id=\"ed75b44\" data-element_type=\"column\">\n\t\t\t<div class=\"elementor-widget-wrap elementor-element-populated\">\n\t\t\t\t\t\t<div class=\"elementor-element elementor-element-1ed43cd elementor-widget elementor-widget-text-editor\" data-id=\"1ed43cd\" data-element_type=\"widget\" data-widget_type=\"text-editor.default\">\n\t\t\t\t<div class=\"elementor-widget-container\">\n\t\t\t\t\t\t\t\t\t<p>This privacy statement was last updated on 24\/09\/2021 and applies to citizens and legal permanent residents of the European Economic Area and Switzerland.<\/p><p>In this privacy statement, we explain what we do with the data we collect about you through https:\/\/eroticmassagejob.com. We recommend that you read this statement carefully. In our processing we comply with the requirements of privacy legislation. Which means, among other things, that:<\/p><ul><li>We clearly indicate the purposes for which we process personal data. We do this by means of this privacy statement.<\/li><li>We aim to limit our collection of personal data to the personal data necessary for legitimate purposes.<\/li><li>We request your explicit consent for the processing of your personal data in cases where it is necessary.<\/li><li>We take appropriate security measures to protect your personal data and also require this of parties who process personal data on our behalf.<\/li><li>We respect your right to access, rectify or cancel your personal data upon request.<\/li><\/ul><p>If you have any questions or want to know exactly what data we store about you, please contact us.<\/p><p><strong>1. Purpose, data and retention period<\/strong><br \/>We may collect or receive personal information for a number of purposes related to our business operations, which may include the following: (click to expand) <br \/><strong>1.1 Contact<\/strong> \u2013 By phone, mail, email and\/or forms on the site<br \/>For this we use the following data:<\/p><p>Name, Addresses and City<br \/>Email address<br \/>Phone number<br \/>The basis on which we may process this data is:<\/p><p>After giving consent.<\/p><p><strong>Retention period<\/strong><\/p><p>We will retain this data until the service is cancelled.<\/p><p><strong>1.2 To support services or products that a customer wants to buy or has bought<\/strong><br \/>For this we use the following data:<\/p><p>Name, Addresses and City<br \/>Email address<br \/>Phone number<br \/>The basis on which we may process this data is:<\/p><p>After giving consent.<\/p><p>Retention period<\/p><p>We will retain this data until the service is cancelled.<\/p><p><strong>1.3 Collection and analysis of statistics for the improvement of the web.<\/strong><br \/>For this we use the following data:<\/p><p>Localizaci\u00f3n<br \/>Visitor behavior<br \/>The basis on which we may process this data is:<\/p><p>After giving consent.<\/p><p>Retention period<\/p><p>Conservamos estos datos tras la finalizaci\u00f3n del servicio durante el siguiente n\u00famero de meses: 14<\/p><p><strong>2. Cookies<\/strong><br \/>Nuestra web utiliza cookies. Para m\u00e1s informaci\u00f3n acerca de las cookies, por favor consulte nuestra Pol\u00edtica de cookies.<\/p><p>Tenemos un Acuerdo de procesamiento de datos con Google.<\/p><p>La inclusi\u00f3n de direcciones IP completas est\u00e1 bloqueada por nosotros.<\/p><p><strong>3. Seguridad<\/strong><br \/>Estamos comprometidos con la seguridad de los datos personales. Tomamos las medidas de seguridad adecuadas para limitar el abuso y el acceso no autorizado a los datos personales. Esto asegura que s\u00f3lo las personas necesarias tengan acceso a sus datos, que el acceso a los datos est\u00e9 protegido y que nuestras medidas de seguridad sean revisadas regularmente.<\/p><p><strong>4. Webs de terceros<\/strong><br \/>Esta declaraci\u00f3n de privacidad no se aplica a las webs de terceros conectados mediante enlaces en nuestra web. No podemos garantizar que estas terceras partes manejen sus datos personales de forma fiable o segura. Le recomendamos que lea las declaraciones de privacidad de estas webs antes de utilizarlos.<\/p><p><strong>5. Modificaciones de esta declaraci\u00f3n de privacidad<\/strong><br \/>Nos reservamos el derecho de hacer enmiendas a esta declaraci\u00f3n de privacidad. Se recomienda que consulte esta declaraci\u00f3n de privacidad regularmente para estar al tanto de cualquier cambio. Adem\u00e1s, le informaremos activamente siempre que sea posible.<\/p><p><strong>6. Acceso y modificaci\u00f3n de sus datos<\/strong><br \/>Si tiene alguna pregunta o desea saber qu\u00e9 datos personales tenemos sobre usted, p\u00f3ngase en contacto con nosotros. Puede ponerse en contacto con nosotros utilizando la siguiente informaci\u00f3n. Usted tiene los siguientes derechos:<\/p><p>Usted tiene derecho a saber por qu\u00e9 se necesitan sus datos personales, qu\u00e9 suceder\u00e1 con ellos y durante cu\u00e1nto tiempo se conservar\u00e1n.<br \/>Derecho de acceso: Tiene derecho a acceder a los datos personales que conocemos sobre usted.<br \/>Derecho de rectificaci\u00f3n: tiene derecho a completar, rectificar, borrar o bloquear sus datos personales cuando lo desee.<br \/>Si usted nos da su consentimiento para procesar sus datos, tiene derecho a revocar dicho consentimiento y a que se eliminen sus datos personales.<br \/>Derecho de cesi\u00f3n de sus datos: tiene derecho a solicitar todos sus datos personales al responsable y a transferirlos \u00edntegramente a otro responsable del tratamiento de datos.<br \/>Derecho de oposici\u00f3n: usted puede oponerse al tratamiento de sus datos. Nosotros cumplimos con esto, a menos que existan motivos justificados para el procesamiento. <br \/>Por favor, aseg\u00farese de indicar siempre claramente qui\u00e9n es usted, para que podamos estar seguros de que no modificamos o eliminamos ning\u00fan dato de la persona equivocada.<\/p><p><strong>7. Enviando una reclamaci\u00f3n<\/strong><br \/>Si no est\u00e1 satisfecho con la forma en que tratamos o procesamos sus datos personales, tiene derecho a presentar una queja a la Autoridad de protecci\u00f3n de datos.<\/p><p><strong>8. Datos de contacto<\/strong><br \/>Web: https:\/\/trabajodemasajistaerotica.com<br \/>Correo electr\u00f3nico: info@trabajodemasajistaerotica.com<br \/>N\u00famero de tel\u00e9fono: +34 651 518 824<\/p>\t\t\t\t\t\t\t\t<\/div>\n\t\t\t\t<\/div>\n\t\t\t\t\t<\/div>\n\t\t<\/div>\n\t\t\t\t\t<\/div>\n\t\t<\/section>\n\t\t\t\t<\/div>\n\t\t","protected":false},"excerpt":{"rendered":"<p>This privacy statement was last updated on 24\/09\/2021 and applies to citizens and legal permanent residents of the European Economic Area and Switzerland. In this privacy statement, we explain what we do with the data we collect about you through https:\/\/eroticmassagejob.com. We recommend that you read this statement carefully. In our processing we comply with [&hellip;]<\/p>\n","protected":false},"author":2,"featured_media":0,"parent":0,"menu_order":0,"comment_status":"closed","ping_status":"closed","template":"","meta":{"footnotes":""},"class_list":["post-432","page","type-page","status-publish","hentry"],"yoast_head":"<!-- This site is optimized with the Yoast SEO plugin v26.6 - https:\/\/yoast.com\/wordpress\/plugins\/seo\/ -->\n<title>Privacy Statement (EU) - Trabajo de Masajista Er\u00f3tica<\/title>\n<meta name=\"robots\" content=\"index, follow, max-snippet:-1, max-image-preview:large, max-video-preview:-1\" \/>\n<link rel=\"canonical\" href=\"https:\/\/trabajodemasajistaerotica.com\/en\/privacy-statement-eu\/\" \/>\n<meta property=\"og:locale\" content=\"en_US\" \/>\n<meta property=\"og:type\" content=\"article\" \/>\n<meta property=\"og:title\" content=\"Privacy Statement (EU) - Trabajo de Masajista Er\u00f3tica\" \/>\n<meta property=\"og:description\" content=\"This privacy statement was last updated on 24\/09\/2021 and applies to citizens and legal permanent residents of the European Economic Area and Switzerland. In this privacy statement, we explain what we do with the data we collect about you through https:\/\/eroticmassagejob.com. We recommend that you read this statement carefully. In our processing we comply with [&hellip;]\" \/>\n<meta property=\"og:url\" content=\"https:\/\/trabajodemasajistaerotica.com\/en\/privacy-statement-eu\/\" \/>\n<meta property=\"og:site_name\" content=\"Trabajo de Masajista Er\u00f3tica\" \/>\n<meta property=\"article:modified_time\" content=\"2025-11-17T09:29:47+00:00\" \/>\n<meta property=\"og:image\" content=\"https:\/\/trabajodemasajistaerotica.com\/wp-content\/uploads\/2023\/07\/Favicon-Afrodita_681px.png\" \/>\n\t<meta property=\"og:image:width\" content=\"681\" \/>\n\t<meta property=\"og:image:height\" content=\"681\" \/>\n\t<meta property=\"og:image:type\" content=\"image\/png\" \/>\n<meta name=\"twitter:card\" content=\"summary_large_image\" \/>\n<script type=\"application\/ld+json\" class=\"yoast-schema-graph\">{\"@context\":\"https:\/\/schema.org\",\"@graph\":[{\"@type\":\"WebPage\",\"@id\":\"https:\/\/trabajodemasajistaerotica.com\/en\/privacy-statement-eu\/\",\"url\":\"https:\/\/trabajodemasajistaerotica.com\/en\/privacy-statement-eu\/\",\"name\":\"Privacy Statement (EU) - Trabajo de Masajista Er\u00f3tica\",\"isPartOf\":{\"@id\":\"https:\/\/trabajodemasajistaerotica.com\/en\/#website\"},\"datePublished\":\"2023-07-23T14:38:58+00:00\",\"dateModified\":\"2025-11-17T09:29:47+00:00\",\"breadcrumb\":{\"@id\":\"https:\/\/trabajodemasajistaerotica.com\/en\/privacy-statement-eu\/#breadcrumb\"},\"inLanguage\":\"en-US\",\"potentialAction\":[{\"@type\":\"ReadAction\",\"target\":[\"https:\/\/trabajodemasajistaerotica.com\/en\/privacy-statement-eu\/\"]}]},{\"@type\":\"BreadcrumbList\",\"@id\":\"https:\/\/trabajodemasajistaerotica.com\/en\/privacy-statement-eu\/#breadcrumb\",\"itemListElement\":[{\"@type\":\"ListItem\",\"position\":1,\"name\":\"Portada\",\"item\":\"https:\/\/trabajodemasajistaerotica.com\/en\/home\/\"},{\"@type\":\"ListItem\",\"position\":2,\"name\":\"Privacy Statement (EU)\"}]},{\"@type\":\"WebSite\",\"@id\":\"https:\/\/trabajodemasajistaerotica.com\/en\/#website\",\"url\":\"https:\/\/trabajodemasajistaerotica.com\/en\/\",\"name\":\"Trabajo de Masajista Er\u00f3tica\",\"description\":\"Ofertas de masajista en Barcelona\",\"publisher\":{\"@id\":\"https:\/\/trabajodemasajistaerotica.com\/en\/#organization\"},\"alternateName\":\"Trabajo Masajista Er\u00f3tica\",\"potentialAction\":[{\"@type\":\"SearchAction\",\"target\":{\"@type\":\"EntryPoint\",\"urlTemplate\":\"https:\/\/trabajodemasajistaerotica.com\/en\/?s={search_term_string}\"},\"query-input\":{\"@type\":\"PropertyValueSpecification\",\"valueRequired\":true,\"valueName\":\"search_term_string\"}}],\"inLanguage\":\"en-US\"},{\"@type\":\"Organization\",\"@id\":\"https:\/\/trabajodemasajistaerotica.com\/en\/#organization\",\"name\":\"Trabajo de Masajista Er\u00f3tica\",\"alternateName\":\"Trabajo Masajista Er\u00f3tica\",\"url\":\"https:\/\/trabajodemasajistaerotica.com\/en\/\",\"logo\":{\"@type\":\"ImageObject\",\"inLanguage\":\"en-US\",\"@id\":\"https:\/\/trabajodemasajistaerotica.com\/en\/#\/schema\/logo\/image\/\",\"url\":\"https:\/\/trabajodemasajistaerotica.com\/wp-content\/uploads\/2023\/07\/Favicon-Afrodita_681px.png\",\"contentUrl\":\"https:\/\/trabajodemasajistaerotica.com\/wp-content\/uploads\/2023\/07\/Favicon-Afrodita_681px.png\",\"width\":681,\"height\":681,\"caption\":\"Trabajo de Masajista Er\u00f3tica\"},\"image\":{\"@id\":\"https:\/\/trabajodemasajistaerotica.com\/en\/#\/schema\/logo\/image\/\"}}]}<\/script>\n<!-- \/ Yoast SEO plugin. -->","yoast_head_json":{"title":"Privacy Statement (EU) - Trabajo de Masajista Er\u00f3tica","robots":{"index":"index","follow":"follow","max-snippet":"max-snippet:-1","max-image-preview":"max-image-preview:large","max-video-preview":"max-video-preview:-1"},"canonical":"https:\/\/trabajodemasajistaerotica.com\/en\/privacy-statement-eu\/","og_locale":"en_US","og_type":"article","og_title":"Privacy Statement (EU) - Trabajo de Masajista Er\u00f3tica","og_description":"This privacy statement was last updated on 24\/09\/2021 and applies to citizens and legal permanent residents of the European Economic Area and Switzerland. In this privacy statement, we explain what we do with the data we collect about you through https:\/\/eroticmassagejob.com. We recommend that you read this statement carefully. In our processing we comply with [&hellip;]","og_url":"https:\/\/trabajodemasajistaerotica.com\/en\/privacy-statement-eu\/","og_site_name":"Trabajo de Masajista Er\u00f3tica","article_modified_time":"2025-11-17T09:29:47+00:00","og_image":[{"width":681,"height":681,"url":"https:\/\/trabajodemasajistaerotica.com\/wp-content\/uploads\/2023\/07\/Favicon-Afrodita_681px.png","type":"image\/png"}],"twitter_card":"summary_large_image","schema":{"@context":"https:\/\/schema.org","@graph":[{"@type":"WebPage","@id":"https:\/\/trabajodemasajistaerotica.com\/en\/privacy-statement-eu\/","url":"https:\/\/trabajodemasajistaerotica.com\/en\/privacy-statement-eu\/","name":"Privacy Statement (EU) - Trabajo de Masajista Er\u00f3tica","isPartOf":{"@id":"https:\/\/trabajodemasajistaerotica.com\/en\/#website"},"datePublished":"2023-07-23T14:38:58+00:00","dateModified":"2025-11-17T09:29:47+00:00","breadcrumb":{"@id":"https:\/\/trabajodemasajistaerotica.com\/en\/privacy-statement-eu\/#breadcrumb"},"inLanguage":"en-US","potentialAction":[{"@type":"ReadAction","target":["https:\/\/trabajodemasajistaerotica.com\/en\/privacy-statement-eu\/"]}]},{"@type":"BreadcrumbList","@id":"https:\/\/trabajodemasajistaerotica.com\/en\/privacy-statement-eu\/#breadcrumb","itemListElement":[{"@type":"ListItem","position":1,"name":"Portada","item":"https:\/\/trabajodemasajistaerotica.com\/en\/home\/"},{"@type":"ListItem","position":2,"name":"Privacy Statement (EU)"}]},{"@type":"WebSite","@id":"https:\/\/trabajodemasajistaerotica.com\/en\/#website","url":"https:\/\/trabajodemasajistaerotica.com\/en\/","name":"Trabajo de Masajista Er\u00f3tica","description":"Ofertas de masajista en Barcelona","publisher":{"@id":"https:\/\/trabajodemasajistaerotica.com\/en\/#organization"},"alternateName":"Trabajo Masajista Er\u00f3tica","potentialAction":[{"@type":"SearchAction","target":{"@type":"EntryPoint","urlTemplate":"https:\/\/trabajodemasajistaerotica.com\/en\/?s={search_term_string}"},"query-input":{"@type":"PropertyValueSpecification","valueRequired":true,"valueName":"search_term_string"}}],"inLanguage":"en-US"},{"@type":"Organization","@id":"https:\/\/trabajodemasajistaerotica.com\/en\/#organization","name":"Trabajo de Masajista Er\u00f3tica","alternateName":"Trabajo Masajista Er\u00f3tica","url":"https:\/\/trabajodemasajistaerotica.com\/en\/","logo":{"@type":"ImageObject","inLanguage":"en-US","@id":"https:\/\/trabajodemasajistaerotica.com\/en\/#\/schema\/logo\/image\/","url":"https:\/\/trabajodemasajistaerotica.com\/wp-content\/uploads\/2023\/07\/Favicon-Afrodita_681px.png","contentUrl":"https:\/\/trabajodemasajistaerotica.com\/wp-content\/uploads\/2023\/07\/Favicon-Afrodita_681px.png","width":681,"height":681,"caption":"Trabajo de Masajista Er\u00f3tica"},"image":{"@id":"https:\/\/trabajodemasajistaerotica.com\/en\/#\/schema\/logo\/image\/"}}]}},"_links":{"self":[{"href":"https:\/\/trabajodemasajistaerotica.com\/en\/wp-json\/wp\/v2\/pages\/432","targetHints":{"allow":["GET"]}}],"collection":[{"href":"https:\/\/trabajodemasajistaerotica.com\/en\/wp-json\/wp\/v2\/pages"}],"about":[{"href":"https:\/\/trabajodemasajistaerotica.com\/en\/wp-json\/wp\/v2\/types\/page"}],"author":[{"embeddable":true,"href":"https:\/\/trabajodemasajistaerotica.com\/en\/wp-json\/wp\/v2\/users\/2"}],"replies":[{"embeddable":true,"href":"https:\/\/trabajodemasajistaerotica.com\/en\/wp-json\/wp\/v2\/comments?post=432"}],"version-history":[{"count":3,"href":"https:\/\/trabajodemasajistaerotica.com\/en\/wp-json\/wp\/v2\/pages\/432\/revisions"}],"predecessor-version":[{"id":784,"href":"https:\/\/trabajodemasajistaerotica.com\/en\/wp-json\/wp\/v2\/pages\/432\/revisions\/784"}],"wp:attachment":[{"href":"https:\/\/trabajodemasajistaerotica.com\/en\/wp-json\/wp\/v2\/media?parent=432"}],"curies":[{"name":"wp","href":"https:\/\/api.w.org\/{rel}","templated":true}]}}